{"id":272,"date":"2021-08-12T08:54:15","date_gmt":"2021-08-12T08:54:15","guid":{"rendered":"https:\/\/bonosvalencia.atic.green\/?page_id=272"},"modified":"2025-09-02T13:02:29","modified_gmt":"2025-09-02T11:02:29","slug":"alta-establecimiento","status":"publish","type":"page","link":"https:\/\/bonocomerciomanises.com\/va\/alta-establecimiento\/","title":{"rendered":"Alta establecimiento"},"content":{"rendered":"<p>[vc_row full_width=&#8221;stretch_row&#8221; disable_element=&#8221;yes&#8221; el_class=&#8221;banner_compra_bono alta&#8221;][vc_column width=&#8221;1\/2&#8243;][vc_raw_html]JTNDcCUzRSUzQ3NwYW4lMjBjbGFzcyUzRCUyMmxpbmVhJTIyJTNFREElMjBERSUyMEFMVEElMjBUVSUzQyUyRnNwYW4lM0UlM0NzcGFuJTIwY2xhc3MlM0QlMjJkZXN0YWNhZG8lMjIlM0VDT01FUkNJTyUzQyUyRnNwYW4lM0UlM0MlMkZwJTNFJTBBJTNDcCUyMGNsYXNzJTNEJTIybWluaSUyMiUzRSUzQyUyRnAlM0UlMEElM0NhJTIwaHJlZiUzRCUyMiUyM2FsdGEtY29tZXJjaW8lMjIlM0VFTVBFWkFSJTNDJTJGYSUzRQ==[\/vc_raw_html][\/vc_column][vc_column width=&#8221;1\/2&#8243;][\/vc_column][\/vc_row][vc_row full_width=&#8221;stretch_row&#8221; equal_height=&#8221;yes&#8221; content_placement=&#8221;middle&#8221; el_class=&#8221;banner_compra_bono alta&#8221;][vc_column width=&#8221;1\/2&#8243;][vc_single_image image=&#8221;1468&#8243; img_size=&#8221;full&#8221;][vc_raw_html]JTNDcCUyMHN0eWxlJTNEJTIyZGlzcGxheSUzQW5vbmUlMjIlM0UlM0NzcGFuJTIwY2xhc3MlM0QlMjJsaW5lYSUyMiUzRURBJTIwREUlMjBBTFRBJTIwVFUlMjAlM0MlMkZzcGFuJTNFRVNUQUJMRUNJTUlFTlRPJTIwJTNDc3BhbiUyMGNsYXNzJTNEJTIyZGVzdGFjYWRvJTIyJTNFJTIwSEFTVEElMjBFTCUyMDMwJTIwREUlMjBKVU5JTyUzQyUyRnNwYW4lM0UlM0MlMkZwJTNFJTBBJTNDcCUyMGNsYXNzJTNEJTIybWluaSUyMiUyMHN0eWxlJTNEJTIyZGlzcGxheSUzQW5vbmUlMjIlM0UlM0MlMkZwJTNFJTBBJTNDYSUyMGhyZWYlM0QlMjIlMjNhbHRhLWNvbWVyY2lvJTIyJTNFQ09NRU4lQzMlODdBUiUzQyUyRmElM0U=[\/vc_raw_html][\/vc_column][vc_column width=&#8221;1\/2&#8243;][vc_single_image image=&#8221;1470&#8243; img_size=&#8221;full&#8221; alignment=&#8221;right&#8221;][\/vc_column][\/vc_row][vc_row full_width=&#8221;stretch_row&#8221; css=&#8221;.vc_custom_1752575390932{background-color: #d1d3da !important;}&#8221; el_class=&#8221;puntos_consumidor alta&#8221;][vc_column width=&#8221;1\/2&#8243; el_class=&#8221;uno&#8221;][vc_column_text]<\/p>\n<h2>COMPLIR ELS REQUISITS <a href=\"https:\/\/bonocomerciomanises.com\/va\/informacion-para-el-comerciante\/\" target=\"_blank\" rel=\"noopener\">Veure requisits<\/a><\/h2>\n<p>[\/vc_column_text][\/vc_column][vc_column width=&#8221;1\/2&#8243; el_class=&#8221;dos&#8221;][vc_column_text]<\/p>\n<h2>OMPLIR FORMULARI <a href=\"#alta-comer\u00e7\" rel=\"noopener\">Comen\u00e7ar<\/a><\/h2>\n<p>[\/vc_column_text][\/vc_column][\/vc_row][vc_row el_class=&#8221;formulario&#8221; el_id=&#8221;alta-comercio&#8221;][vc_column width=&#8221;1\/6&#8243; css=&#8221;.vc_custom_1631009739164{padding-top: 0px !important;}&#8221;][\/vc_column][vc_column width=&#8221;2\/3&#8243; css=&#8221;.vc_custom_1631009742758{padding-top: 0px !important;}&#8221;][vc_row_inner][vc_column_inner][vc_column_text]<\/p>\n<h2 style=\"text-align: center;\">Da de alta tu establecimiento<\/h2>\n<p>[\/vc_column_text][\/vc_column_inner][\/vc_row_inner][vc_row_inner el_class=&#8221;boton_contorno&#8221;][vc_column_inner][vc_column_text el_id=&#8221;boton_contorno&#8221;]<a href=\"https:\/\/bonocomerciomanises.com\/wp-content\/uploads\/2025\/09\/BASES-REGULADORAS-BONO-COMERC-MANISESv3.pdf\" target=\"_blank\" rel=\"noopener\">Bases reguladores <img decoding=\"async\" src=\"\/wp-content\/uploads\/2021\/08\/negra.svg\" \/><\/a>[\/vc_column_text][vc_column_text]<a href=\"https:\/\/bonocomerciomanises.com\/va\/informacion-para-el-comerciante\/\" target=\"_blank\" rel=\"noopener\">Informaci\u00f3 BO COMER\u00c7 MANISES establiment <img decoding=\"async\" src=\"\/wp-content\/uploads\/2021\/08\/negra.svg\" \/><\/a>[\/vc_column_text][vc_column_text]<a href=\"https:\/\/bonocomerciomanises.com\/wp-content\/uploads\/2025\/08\/Declaracion-responsable-Formulario_nuevo-1.pdf\" target=\"_blank\" rel=\"noopener\">Declaraci\u00f3 responsable del compliment de requisits<img decoding=\"async\" src=\"\/wp-content\/uploads\/2021\/08\/negra.svg\" \/><\/a>[\/vc_column_text][vc_column_text el_class=&#8221;descarga_cartel&#8221;]<a href=\"https:\/\/bonocomerciomanises.com\/wp-content\/uploads\/2025\/07\/CARTEL-ESTABLECIMIENTO-ADHERIDO-2025-3.pdf\" target=\"_blank\" rel=\"noopener\">Desc\u00e0rrega cartell d&#8217;establiment adherit <img decoding=\"async\" src=\"\/wp-content\/uploads\/2021\/08\/negra.svg\" \/><\/a>[\/vc_column_text][\/vc_column_inner][\/vc_row_inner][vc_column_text]*A causa de procediments interns de Caixa Popular, el TPV pot trigar fins a 4 dies a activar-se des de la validaci\u00f3 del comer\u00e7, perqu\u00e8 es puguin fer compres amb el BO COMER\u00c7 MANISES.[\/vc_column_text][vc_row_inner][vc_column_inner]<div id=\"mensaje_solicitud\"><\/div><form class=\"formulario_bono\" name=\"fomulario_establecimiento\" id=\"formulario_establecimiento\" action=\"https:\/\/bonocomerciomanises.com\/va\/alta-establecimiento\/\" method=\"post\" enctype=\"multipart\/form-data\"><input type=\"hidden\" name=\"act\" value=\"save_establ\"><input name=\"name_oc\" id=\"name_oc\" type=\"text\" value=\"\" class=\"name_oc_form\"><div class=\"vc_row\"><div class=\"vc_col-sm-12\"><h4>Dades de l\u2019establiment  *<\/h4><\/div><\/div><div class=\"vc_row\"><div class=\"vc_col-sm-12\"><input type=\"text\" name=\"nombre_comercial\" id=\"nombre_comercial\" value=\"\" placeholder=\"Nom comercial \" required><\/div><\/div><div class=\"vc_row\"><div class=\"vc_col-sm-6\"><input type=\"text\" name=\"razon_social\" id=\"razon_social\" value=\"\" placeholder=\"Ra\u00f3  social \" required><\/div><div class=\"vc_col-sm-6\"><input type=\"text\" name=\"cif\" id=\"cif\" value=\"\" placeholder=\"CIF\" required><\/div><\/div><div class=\"vc_row\"><div class=\"vc_col-sm-8\"><input type=\"text\" name=\"direccion\" id=\"direccion\" value=\"\" placeholder=\"Adre\u00e7a\" required><\/div><div class=\"vc_col-sm-4\"><input type=\"number\" max=\"99999\" name=\"cp\" id=\"cp\" value=\"\" placeholder=\"C.P.\" required><\/div><\/div><div class=\"vc_row\"><div class=\"vc_col-sm-6\"><input type=\"email\" name=\"email\" id=\"email\" value=\"\" placeholder=\"Email\" required><\/div><div class=\"vc_col-sm-6\"><input type=\"number\" min=\"111111111\" max=\"999999999\" name=\"telefono\" id=\"telefono\" value=\"\" placeholder=\"Tel\u00e8fon \" required><\/div><\/div><div class=\"vc_row\"><div class=\"vc_col-sm-6\"><label>Adjuntar IAE (PDF) *<\/label><input type=\"number\" step=\"0.01\" name=\"epigrafe_iae\" id=\"epigrafe_iae\" value=\"\" placeholder=\"Introduir codi\" required><\/div><div class=\"vc_col-sm-6\"><label>Adjuntar IAE (PDF) *<\/label><input type=\"file\" name=\"iae_doc\" id=\"iae_doc\" required><\/div><\/div><div class=\"vc_row\"><div class=\"vc_col-sm-6\"><label>N\u00famero de comer\u00e7 * <sup>(1)<\/sup><span class=\"mas_num_comercio\">+ Agregar m\u00e9s<\/span><\/label><input type=\"number\" max=\"999999999\" name=\"fuc_comercio\" id=\"fuc_comercio\" value=\"\" placeholder=\"N\u00famero de comer\u00e7\" required><div id=\"div_mas_num_comercio\">\n                        <input type=\"number\" max=\"999999999\" name=\"fuc_comercio2\" id=\"fuc_comercio2\" value=\"\" placeholder=\"N\u00famero de comer\u00e7 2\">\n                        <input type=\"number\" max=\"999999999\" name=\"fuc_comercio3\" id=\"fuc_comercio3\" value=\"\" placeholder=\"N\u00famero de comer\u00e7 3\">\n                        <input type=\"number\" max=\"999999999\" name=\"fuc_comercio4\" id=\"fuc_comercio4\" value=\"\" placeholder=\"N\u00famero de comer\u00e7 4\">\n                    <\/div><\/div><div class=\"vc_col-sm-6\"><label>Associaci\u00f3 de comerciants adherida  *<\/label><select name=\"idasociacion_comerciantes\" id=\"idasociacion_comerciantes\" required><option value=\"\">- Seleccionar -<\/option><option value=\"1\" >Ninguna<\/option><option value=\"2\" >Asociaci\u00f3n de comerciantes de Orriols<\/option><option value=\"3\" >Asociaci\u00f3n Comercio Sur Jes\u00fas-Patraix<\/option><option value=\"4\" >ACOMEX<\/option><option value=\"5\" >ASOCIACI\u00d3N COMERCIANTES CENTRO HIST\u00d3RICO<\/option><option value=\"6\" >ACIPMAR MAR\u00cdTIMO<\/option><option value=\"7\" >ASOCIACI\u00d3N Russaf\u00ed<\/option><option value=\"8\" >ACYPBENICALAP<\/option><option value=\"9\" >Asociaci\u00f3n de comerciantes Morvedre\/Zaidia<\/option><option value=\"11\" >GRECOTEX<\/option><option value=\"12\" >COMER\u00c7 MOBLE<\/option><option value=\"13\" >Asociaci\u00f3n de vendedores de prensa<\/option><option value=\"14\" >CONFE MERCATS<\/option><option value=\"20\" >OTRAS<\/option><option value=\"22\" >ASCOMA (Asociaci\u00f3n de Comerciantes de Manises)<\/option><option value=\"23\" >Asociaci\u00f3n de vendedores del mercado de los Pinos (AMEPI)<\/option><option value=\"24\" >Asociaci\u00f3n de Vendedores del mercado de venta no sedentaria de Manises.<\/option><\/select><\/div><\/div><div class=\"vc_row\"><div class=\"vc_col-sm-6\"><label>Sector *<\/label><select name=\"idsector\" id=\"idsector\" required><option value=\"\">- Seleccionar -<\/option><optgroup label=\"PER A LA PERSONA\"><option value=\"44\" >ALIMENTACI\u00d3, CELLERS, HERBOLARIS I DIET\u00c8TICA<\/option><option value=\"4\" >APARELLS M\u00c8DICS I ORTOP\u00c8DICS<\/option><option value=\"42\" >CAL\u00c7AT, MARROQUINERIA I REPARACI\u00d3<\/option><option value=\"10\" >DECORACI\u00d3, MOBLES, IL\u00b7LUMINACI\u00d3 i T\u00c8XTIL LLAR<\/option><option value=\"9\" >ESPORT I AVENTURA<\/option><option value=\"21\" >DROGUERIA I NETEJA LLAR<\/option><option value=\"19\" >ELECTRODOM\u00c8STICS, IMATGE, SO I TELEFONIA<\/option><option value=\"7\" >EQUIPAMENT LABORAL<\/option><option value=\"41\" >FABRICACI\u00d3 DE PRODUCTES MINERALS NO MET\u00c0L\u00b7LICS (cer\u00e0mica, taulells, vaixelles, sanitaris\u2026)<\/option><option value=\"8\" >FERRETERIA, PARAMENT I ARTICLES DE BRICOLATGE<\/option><option value=\"30\" >FLORS I PLANTES, PRODUCTES I SERVICIS PER A ANIMALS<\/option><option value=\"39\" >INDUMENT\u00c0RIA VALENCIANA<\/option><option value=\"3\" >INSTRUMENTS MUSICALS, RECREATIUS I CULTURALS<\/option><option value=\"17\" >JOIERIES, RELLOTGERIA I BIJUTERIA<\/option><option value=\"38\" >BUGADERIES I TINTORERIES<\/option><option value=\"13\" >MERCATS AMBULANTS I VENDA NO SEDENT\u00c0RIA<\/option><option value=\"15\" >MERCERIA I PAQUETERIA<\/option><option value=\"33\" >MOBLES I M\u00c0QUINES PER A OFICINES<\/option><option value=\"6\" >\u00d2PTIQUES, ORTOP\u00c8DIES I PROFESSIONALS DE LA SANITAT<\/option><option value=\"36\" >ALTRES SERVICIS<\/option><option value=\"2\" >PAPERERIES, LLIBRES, PERI\u00d2DICS I REVISTA, JOGUETS I ENTRETENIMENT<\/option><option value=\"40\" >PER A COL\u00b7LECCIONISTA: SEGELLS, MONEDES, ETC.<\/option><option value=\"22\" >PELUQUERIES, SALONS DE BELLESA I EST\u00c8TICA<\/option><option value=\"46\" >PERFUMERIA I COSM\u00c8TICS<\/option><option value=\"47\" >PECES DE ROBA I COMPLEMENTS, REPARACI\u00d3 I COMPOSTURES<\/option><option value=\"48\" >PRODUCTES ARTESANS, ART\u00cdSTICS I LITERARIS<\/option><option value=\"49\" >PROFESSIONALS DE L'ENSENYAN\u00c7A, EDUCACI\u00d3 I INVESTIGACI\u00d3<\/option><option value=\"50\" >PROFESSIONALS DE LA SANITAT I ACTIVITATS PARASANIT\u00c0RIES<\/option><option value=\"51\" >SERVICI DE FOTOGRAFIA, EMMARCAMENT I INSTRUMENTS MUSICALS<\/option><\/optgroup><\/select><\/div><div class=\"vc_col-sm-6\"><label><nobr>Declaraci\u00f3 responsable del compliment de requisits (PDF)  *<\/nobr><\/label><input type=\"file\" name=\"requisitos_doc\" id=\"requisitos_doc\" required><\/div><\/div><div class=\"vc_row\"><div class=\"vc_col-sm-6\"><label>Nre. d\u2019empleats contracte jornada completa *<\/label><input type=\"number\" name=\"num_empleados_completa\" id=\"num_empleados_completa\" value=\"\" placeholder=\"Introduir nombre\" required><\/div><div class=\"vc_col-sm-6\"><label>Nre. d\u2019empleats contracte temps parcial  *<\/label><input type=\"number\" name=\"num_empleados_parcial\" id=\"num_empleados_parcial\" value=\"\" placeholder=\"Introduir nombre\" required><\/div><\/div><div class=\"vc_row\"><div class=\"vc_col-sm-6\"><label>Enlla\u00e7 web o rrss <\/label><input type=\"text\" name=\"link\" id=\"link\" value=\"\" placeholder=\"Introduir url \"><\/div><div class=\"vc_col-sm-6\"><label><nobr>Logo del establecimiento <\/nobr><\/label><input type=\"file\" name=\"logo_establecimiento\" id=\"logo_establecimiento\"><\/div><div class=\"vc_col-sm-6\"><label>&nbsp;<\/label><div style=\"font-size: 11px;\"><sup>(1)<\/sup> <i>El n\u00famero de comer\u00e7 apareix en la boleta impresa del TPV<br>(NO \u00e9s el n\u00famero de terminal)<\/i><\/div><\/div><\/div><div class=\"vc_row\"><div class=\"vc_col-sm-12\"><h4>Dades del contacte *<\/h4><\/div><\/div><div class=\"vc_row\"><div class=\"vc_col-sm-6\"><input type=\"text\" name=\"nombre_titular\" id=\"nombre_titular\" value=\"\" placeholder=\"Nom i cognoms\" required><\/div><div class=\"vc_col-sm-6\"><input type=\"text\" name=\"cargo_titular\" id=\"cargo_titular\" value=\"\" placeholder=\"C\u00e0rrec \" required><\/div><\/div><div class=\"vc_row\"><div class=\"vc_col-sm-6\"><input type=\"email\" name=\"email_titular\" id=\"email_titular\" value=\"\" placeholder=\"Email\" required><\/div><div class=\"vc_col-sm-6\"><input type=\"number\" min=\"111111111\" max=\"999999999\" name=\"telefono_titular\" id=\"telefono_titular\" value=\"\" placeholder=\"Tel\u00e8fon \" required><\/div><\/div><p class=\"check_form\"><input type=\"checkbox\" name=\"acepto\" id=\"acepto\" value=\"1\" required> He  llegit i accepte les <a href=\"https:\/\/bonocomerciomanises.com\/wp-content\/uploads\/2025\/09\/BASES-REGULADORAS-BONO-COMERC-MANISESv3.pdf\" target=\"_blank\">condicions d'adhesi\u00f3<\/a> i la <a href=\"https:\/\/www.camaravalencia.com\/es-ES\/Paginas\/politica-de-privacidad.aspx\" target=\"_blank\">pol\u00edtica de privacitat<\/a><\/p><input type=\"submit\" value=\"Enviar\"><\/form>[\/vc_column_inner][\/vc_row_inner][\/vc_column][vc_column width=&#8221;1\/6&#8243; css=&#8221;.vc_custom_1631009747678{padding-top: 0px !important;}&#8221;][\/vc_column][\/vc_row]<\/p>\n","protected":false},"excerpt":{"rendered":"<p>[vc_row full_width=&#8221;stretch_row&#8221; disable_element=&#8221;yes&#8221; el_class=&#8221;banner_compra_bono alta&#8221;][vc_column width=&#8221;1\/2&#8243;][vc_raw_html]JTNDcCUzRSUzQ3NwYW4lMjBjbGFzcyUzRCUyMmxpbmVhJTIyJTNFREElMjBERSUyMEFMVEElMjBUVSUzQyUyRnNwYW4lM0UlM0NzcGFuJTIwY2xhc3MlM0QlMjJkZXN0YWNhZG8lMjIlM0VDT01FUkNJTyUzQyUyRnNwYW4lM0UlM0MlMkZwJTNFJTBBJTNDcCUyMGNsYXNzJTNEJTIybWluaSUyMiUzRSUzQyUyRnAlM0UlMEElM0NhJTIwaHJlZiUzRCUyMiUyM2FsdGEtY29tZXJjaW8lMjIlM0VFTVBFWkFSJTNDJTJGYSUzRQ==[\/vc_raw_html][\/vc_column][vc_column width=&#8221;1\/2&#8243;][\/vc_column][\/vc_row][vc_row full_width=&#8221;stretch_row&#8221; equal_height=&#8221;yes&#8221; content_placement=&#8221;middle&#8221; el_class=&#8221;banner_compra_bono alta&#8221;][vc_column width=&#8221;1\/2&#8243;][vc_single_image image=&#8221;1468&#8243; img_size=&#8221;full&#8221;][vc_raw_html]JTNDcCUyMHN0eWxlJTNEJTIyZGlzcGxheSUzQW5vbmUlMjIlM0UlM0NzcGFuJTIwY2xhc3MlM0QlMjJsaW5lYSUyMiUzRURBJTIwREUlMjBBTFRBJTIwVFUlMjAlM0MlMkZzcGFuJTNFRVNUQUJMRUNJTUlFTlRPJTIwJTNDc3BhbiUyMGNsYXNzJTNEJTIyZGVzdGFjYWRvJTIyJTNFJTIwSEFTVEElMjBFTCUyMDMwJTIwREUlMjBKVU5JTyUzQyUyRnNwYW4lM0UlM0MlMkZwJTNFJTBBJTNDcCUyMGNsYXNzJTNEJTIybWluaSUyMiUyMHN0eWxlJTNEJTIyZGlzcGxheSUzQW5vbmUlMjIlM0UlM0MlMkZwJTNFJTBBJTNDYSUyMGhyZWYlM0QlMjIlMjNhbHRhLWNvbWVyY2lvJTIyJTNFQ09NRU4lQzMlODdBUiUzQyUyRmElM0U=[\/vc_raw_html][\/vc_column][vc_column width=&#8221;1\/2&#8243;][vc_single_image image=&#8221;1470&#8243; img_size=&#8221;full&#8221; alignment=&#8221;right&#8221;][\/vc_column][\/vc_row][vc_row full_width=&#8221;stretch_row&#8221; css=&#8221;.vc_custom_1752575390932{background-color: #d1d3da !important;}&#8221; el_class=&#8221;puntos_consumidor alta&#8221;][vc_column width=&#8221;1\/2&#8243; el_class=&#8221;uno&#8221;][vc_column_text] COMPLIR ELS REQUISITS Veure requisits [\/vc_column_text][\/vc_column][vc_column width=&#8221;1\/2&#8243; el_class=&#8221;dos&#8221;][vc_column_text] OMPLIR FORMULARI Comen\u00e7ar [\/vc_column_text][\/vc_column][\/vc_row][vc_row el_class=&#8221;formulario&#8221; el_id=&#8221;alta-comercio&#8221;][vc_column width=&#8221;1\/6&#8243; css=&#8221;.vc_custom_1631009739164{padding-top: 0px !important;}&#8221;][\/vc_column][vc_column width=&#8221;2\/3&#8243; css=&#8221;.vc_custom_1631009742758{padding-top: 0px !important;}&#8221;][vc_row_inner][vc_column_inner][vc_column_text] Da de alta tu establecimiento [\/vc_column_text][\/vc_column_inner][\/vc_row_inner][vc_row_inner [&hellip;]<\/p>\n","protected":false},"author":4,"featured_media":0,"parent":0,"menu_order":0,"comment_status":"closed","ping_status":"closed","template":"","meta":{"footnotes":""},"class_list":["post-272","page","type-page","status-publish","hentry"],"yoast_head":"<!-- This site is optimized with the Yoast SEO plugin v25.4 - https:\/\/yoast.com\/wordpress\/plugins\/seo\/ -->\n<title>Alta establecimiento - Bo Comer\u00e7 ValenciaBo Comer\u00e7 Valencia<\/title>\n<meta name=\"robots\" content=\"index, follow, max-snippet:-1, max-image-preview:large, max-video-preview:-1\" \/>\n<link rel=\"canonical\" href=\"https:\/\/bonocomerciomanises.com\/va\/alta-establecimiento\/\" \/>\n<meta property=\"og:locale\" content=\"en_US\" \/>\n<meta property=\"og:type\" content=\"article\" \/>\n<meta property=\"og:title\" content=\"Alta establecimiento - Bo Comer\u00e7 ValenciaBo Comer\u00e7 Valencia\" \/>\n<meta property=\"og:description\" content=\"[vc_row full_width=&#8221;stretch_row&#8221; disable_element=&#8221;yes&#8221; el_class=&#8221;banner_compra_bono alta&#8221;][vc_column width=&#8221;1\/2&#8243;][vc_raw_html]JTNDcCUzRSUzQ3NwYW4lMjBjbGFzcyUzRCUyMmxpbmVhJTIyJTNFREElMjBERSUyMEFMVEElMjBUVSUzQyUyRnNwYW4lM0UlM0NzcGFuJTIwY2xhc3MlM0QlMjJkZXN0YWNhZG8lMjIlM0VDT01FUkNJTyUzQyUyRnNwYW4lM0UlM0MlMkZwJTNFJTBBJTNDcCUyMGNsYXNzJTNEJTIybWluaSUyMiUzRSUzQyUyRnAlM0UlMEElM0NhJTIwaHJlZiUzRCUyMiUyM2FsdGEtY29tZXJjaW8lMjIlM0VFTVBFWkFSJTNDJTJGYSUzRQ==[\/vc_raw_html][\/vc_column][vc_column width=&#8221;1\/2&#8243;][\/vc_column][\/vc_row][vc_row full_width=&#8221;stretch_row&#8221; equal_height=&#8221;yes&#8221; content_placement=&#8221;middle&#8221; el_class=&#8221;banner_compra_bono alta&#8221;][vc_column width=&#8221;1\/2&#8243;][vc_single_image image=&#8221;1468&#8243; img_size=&#8221;full&#8221;][vc_raw_html]JTNDcCUyMHN0eWxlJTNEJTIyZGlzcGxheSUzQW5vbmUlMjIlM0UlM0NzcGFuJTIwY2xhc3MlM0QlMjJsaW5lYSUyMiUzRURBJTIwREUlMjBBTFRBJTIwVFUlMjAlM0MlMkZzcGFuJTNFRVNUQUJMRUNJTUlFTlRPJTIwJTNDc3BhbiUyMGNsYXNzJTNEJTIyZGVzdGFjYWRvJTIyJTNFJTIwSEFTVEElMjBFTCUyMDMwJTIwREUlMjBKVU5JTyUzQyUyRnNwYW4lM0UlM0MlMkZwJTNFJTBBJTNDcCUyMGNsYXNzJTNEJTIybWluaSUyMiUyMHN0eWxlJTNEJTIyZGlzcGxheSUzQW5vbmUlMjIlM0UlM0MlMkZwJTNFJTBBJTNDYSUyMGhyZWYlM0QlMjIlMjNhbHRhLWNvbWVyY2lvJTIyJTNFQ09NRU4lQzMlODdBUiUzQyUyRmElM0U=[\/vc_raw_html][\/vc_column][vc_column width=&#8221;1\/2&#8243;][vc_single_image image=&#8221;1470&#8243; img_size=&#8221;full&#8221; alignment=&#8221;right&#8221;][\/vc_column][\/vc_row][vc_row full_width=&#8221;stretch_row&#8221; css=&#8221;.vc_custom_1752575390932{background-color: #d1d3da !important;}&#8221; el_class=&#8221;puntos_consumidor alta&#8221;][vc_column width=&#8221;1\/2&#8243; el_class=&#8221;uno&#8221;][vc_column_text] COMPLIR ELS REQUISITS Veure requisits [\/vc_column_text][\/vc_column][vc_column width=&#8221;1\/2&#8243; el_class=&#8221;dos&#8221;][vc_column_text] OMPLIR FORMULARI Comen\u00e7ar [\/vc_column_text][\/vc_column][\/vc_row][vc_row el_class=&#8221;formulario&#8221; el_id=&#8221;alta-comercio&#8221;][vc_column width=&#8221;1\/6&#8243; css=&#8221;.vc_custom_1631009739164{padding-top: 0px !important;}&#8221;][\/vc_column][vc_column width=&#8221;2\/3&#8243; css=&#8221;.vc_custom_1631009742758{padding-top: 0px !important;}&#8221;][vc_row_inner][vc_column_inner][vc_column_text] Da de alta tu establecimiento [\/vc_column_text][\/vc_column_inner][\/vc_row_inner][vc_row_inner [&hellip;]\" \/>\n<meta property=\"og:url\" content=\"https:\/\/bonocomerciomanises.com\/va\/alta-establecimiento\/\" \/>\n<meta property=\"og:site_name\" content=\"Bo Comer\u00e7 ValenciaBo Comer\u00e7 Valencia\" \/>\n<meta property=\"article:modified_time\" content=\"2025-09-02T11:02:29+00:00\" \/>\n<meta name=\"twitter:card\" content=\"summary_large_image\" \/>\n<meta name=\"twitter:label1\" content=\"Est. reading time\" \/>\n\t<meta name=\"twitter:data1\" content=\"2 minutes\" \/>\n<script type=\"application\/ld+json\" class=\"yoast-schema-graph\">{\"@context\":\"https:\/\/schema.org\",\"@graph\":[{\"@type\":\"WebPage\",\"@id\":\"https:\/\/bonocomerciomanises.com\/va\/alta-establecimiento\/\",\"url\":\"https:\/\/bonocomerciomanises.com\/va\/alta-establecimiento\/\",\"name\":\"Alta establecimiento - Bo Comer\u00e7 ValenciaBo Comer\u00e7 Valencia\",\"isPartOf\":{\"@id\":\"https:\/\/bonocomerciomanises.com\/#website\"},\"datePublished\":\"2021-08-12T08:54:15+00:00\",\"dateModified\":\"2025-09-02T11:02:29+00:00\",\"breadcrumb\":{\"@id\":\"https:\/\/bonocomerciomanises.com\/va\/alta-establecimiento\/#breadcrumb\"},\"inLanguage\":\"va\",\"potentialAction\":[{\"@type\":\"ReadAction\",\"target\":[\"https:\/\/bonocomerciomanises.com\/va\/alta-establecimiento\/\"]}]},{\"@type\":\"BreadcrumbList\",\"@id\":\"https:\/\/bonocomerciomanises.com\/va\/alta-establecimiento\/#breadcrumb\",\"itemListElement\":[{\"@type\":\"ListItem\",\"position\":1,\"name\":\"Portada\",\"item\":\"https:\/\/bonocomerciomanises.com\/\"},{\"@type\":\"ListItem\",\"position\":2,\"name\":\"Alta establecimiento\"}]},{\"@type\":\"WebSite\",\"@id\":\"https:\/\/bonocomerciomanises.com\/#website\",\"url\":\"https:\/\/bonocomerciomanises.com\/\",\"name\":\"Bo Comer\u00e7 ValenciaBo Comer\u00e7 Valencia\",\"description\":\"Bo Comer\u00e7 Valencia\",\"potentialAction\":[{\"@type\":\"SearchAction\",\"target\":{\"@type\":\"EntryPoint\",\"urlTemplate\":\"https:\/\/bonocomerciomanises.com\/?s={search_term_string}\"},\"query-input\":{\"@type\":\"PropertyValueSpecification\",\"valueRequired\":true,\"valueName\":\"search_term_string\"}}],\"inLanguage\":\"va\"}]}<\/script>\n<!-- \/ Yoast SEO plugin. -->","yoast_head_json":{"title":"Alta establecimiento - Bo Comer\u00e7 ValenciaBo Comer\u00e7 Valencia","robots":{"index":"index","follow":"follow","max-snippet":"max-snippet:-1","max-image-preview":"max-image-preview:large","max-video-preview":"max-video-preview:-1"},"canonical":"https:\/\/bonocomerciomanises.com\/va\/alta-establecimiento\/","og_locale":"en_US","og_type":"article","og_title":"Alta establecimiento - Bo Comer\u00e7 ValenciaBo Comer\u00e7 Valencia","og_description":"[vc_row full_width=&#8221;stretch_row&#8221; disable_element=&#8221;yes&#8221; el_class=&#8221;banner_compra_bono alta&#8221;][vc_column width=&#8221;1\/2&#8243;][vc_raw_html]JTNDcCUzRSUzQ3NwYW4lMjBjbGFzcyUzRCUyMmxpbmVhJTIyJTNFREElMjBERSUyMEFMVEElMjBUVSUzQyUyRnNwYW4lM0UlM0NzcGFuJTIwY2xhc3MlM0QlMjJkZXN0YWNhZG8lMjIlM0VDT01FUkNJTyUzQyUyRnNwYW4lM0UlM0MlMkZwJTNFJTBBJTNDcCUyMGNsYXNzJTNEJTIybWluaSUyMiUzRSUzQyUyRnAlM0UlMEElM0NhJTIwaHJlZiUzRCUyMiUyM2FsdGEtY29tZXJjaW8lMjIlM0VFTVBFWkFSJTNDJTJGYSUzRQ==[\/vc_raw_html][\/vc_column][vc_column width=&#8221;1\/2&#8243;][\/vc_column][\/vc_row][vc_row full_width=&#8221;stretch_row&#8221; equal_height=&#8221;yes&#8221; content_placement=&#8221;middle&#8221; el_class=&#8221;banner_compra_bono alta&#8221;][vc_column width=&#8221;1\/2&#8243;][vc_single_image image=&#8221;1468&#8243; img_size=&#8221;full&#8221;][vc_raw_html]JTNDcCUyMHN0eWxlJTNEJTIyZGlzcGxheSUzQW5vbmUlMjIlM0UlM0NzcGFuJTIwY2xhc3MlM0QlMjJsaW5lYSUyMiUzRURBJTIwREUlMjBBTFRBJTIwVFUlMjAlM0MlMkZzcGFuJTNFRVNUQUJMRUNJTUlFTlRPJTIwJTNDc3BhbiUyMGNsYXNzJTNEJTIyZGVzdGFjYWRvJTIyJTNFJTIwSEFTVEElMjBFTCUyMDMwJTIwREUlMjBKVU5JTyUzQyUyRnNwYW4lM0UlM0MlMkZwJTNFJTBBJTNDcCUyMGNsYXNzJTNEJTIybWluaSUyMiUyMHN0eWxlJTNEJTIyZGlzcGxheSUzQW5vbmUlMjIlM0UlM0MlMkZwJTNFJTBBJTNDYSUyMGhyZWYlM0QlMjIlMjNhbHRhLWNvbWVyY2lvJTIyJTNFQ09NRU4lQzMlODdBUiUzQyUyRmElM0U=[\/vc_raw_html][\/vc_column][vc_column width=&#8221;1\/2&#8243;][vc_single_image image=&#8221;1470&#8243; img_size=&#8221;full&#8221; alignment=&#8221;right&#8221;][\/vc_column][\/vc_row][vc_row full_width=&#8221;stretch_row&#8221; css=&#8221;.vc_custom_1752575390932{background-color: #d1d3da !important;}&#8221; el_class=&#8221;puntos_consumidor alta&#8221;][vc_column width=&#8221;1\/2&#8243; el_class=&#8221;uno&#8221;][vc_column_text] COMPLIR ELS REQUISITS Veure requisits [\/vc_column_text][\/vc_column][vc_column width=&#8221;1\/2&#8243; el_class=&#8221;dos&#8221;][vc_column_text] OMPLIR FORMULARI Comen\u00e7ar [\/vc_column_text][\/vc_column][\/vc_row][vc_row el_class=&#8221;formulario&#8221; el_id=&#8221;alta-comercio&#8221;][vc_column width=&#8221;1\/6&#8243; css=&#8221;.vc_custom_1631009739164{padding-top: 0px !important;}&#8221;][\/vc_column][vc_column width=&#8221;2\/3&#8243; css=&#8221;.vc_custom_1631009742758{padding-top: 0px !important;}&#8221;][vc_row_inner][vc_column_inner][vc_column_text] Da de alta tu establecimiento [\/vc_column_text][\/vc_column_inner][\/vc_row_inner][vc_row_inner [&hellip;]","og_url":"https:\/\/bonocomerciomanises.com\/va\/alta-establecimiento\/","og_site_name":"Bo Comer\u00e7 ValenciaBo Comer\u00e7 Valencia","article_modified_time":"2025-09-02T11:02:29+00:00","twitter_card":"summary_large_image","twitter_misc":{"Est. reading time":"2 minutes"},"schema":{"@context":"https:\/\/schema.org","@graph":[{"@type":"WebPage","@id":"https:\/\/bonocomerciomanises.com\/va\/alta-establecimiento\/","url":"https:\/\/bonocomerciomanises.com\/va\/alta-establecimiento\/","name":"Alta establecimiento - Bo Comer\u00e7 ValenciaBo Comer\u00e7 Valencia","isPartOf":{"@id":"https:\/\/bonocomerciomanises.com\/#website"},"datePublished":"2021-08-12T08:54:15+00:00","dateModified":"2025-09-02T11:02:29+00:00","breadcrumb":{"@id":"https:\/\/bonocomerciomanises.com\/va\/alta-establecimiento\/#breadcrumb"},"inLanguage":"va","potentialAction":[{"@type":"ReadAction","target":["https:\/\/bonocomerciomanises.com\/va\/alta-establecimiento\/"]}]},{"@type":"BreadcrumbList","@id":"https:\/\/bonocomerciomanises.com\/va\/alta-establecimiento\/#breadcrumb","itemListElement":[{"@type":"ListItem","position":1,"name":"Portada","item":"https:\/\/bonocomerciomanises.com\/"},{"@type":"ListItem","position":2,"name":"Alta establecimiento"}]},{"@type":"WebSite","@id":"https:\/\/bonocomerciomanises.com\/#website","url":"https:\/\/bonocomerciomanises.com\/","name":"Bo Comer\u00e7 ValenciaBo Comer\u00e7 Valencia","description":"Bo Comer\u00e7 Valencia","potentialAction":[{"@type":"SearchAction","target":{"@type":"EntryPoint","urlTemplate":"https:\/\/bonocomerciomanises.com\/?s={search_term_string}"},"query-input":{"@type":"PropertyValueSpecification","valueRequired":true,"valueName":"search_term_string"}}],"inLanguage":"va"}]}},"_links":{"self":[{"href":"https:\/\/bonocomerciomanises.com\/va\/wp-json\/wp\/v2\/pages\/272","targetHints":{"allow":["GET"]}}],"collection":[{"href":"https:\/\/bonocomerciomanises.com\/va\/wp-json\/wp\/v2\/pages"}],"about":[{"href":"https:\/\/bonocomerciomanises.com\/va\/wp-json\/wp\/v2\/types\/page"}],"author":[{"embeddable":true,"href":"https:\/\/bonocomerciomanises.com\/va\/wp-json\/wp\/v2\/users\/4"}],"replies":[{"embeddable":true,"href":"https:\/\/bonocomerciomanises.com\/va\/wp-json\/wp\/v2\/comments?post=272"}],"version-history":[{"count":49,"href":"https:\/\/bonocomerciomanises.com\/va\/wp-json\/wp\/v2\/pages\/272\/revisions"}],"predecessor-version":[{"id":1594,"href":"https:\/\/bonocomerciomanises.com\/va\/wp-json\/wp\/v2\/pages\/272\/revisions\/1594"}],"wp:attachment":[{"href":"https:\/\/bonocomerciomanises.com\/va\/wp-json\/wp\/v2\/media?parent=272"}],"curies":[{"name":"wp","href":"https:\/\/api.w.org\/{rel}","templated":true}]}}