{"id":1519,"date":"2021-08-12T10:45:18","date_gmt":"2021-08-12T10:45:18","guid":{"rendered":"https:\/\/bonocomerciomanises.com\/establecimientos\/"},"modified":"2025-07-18T15:34:59","modified_gmt":"2025-07-18T13:34:59","slug":"establecimientos","status":"publish","type":"page","link":"https:\/\/bonocomerciomanises.com\/va\/establecimientos\/","title":{"rendered":"establecimientos"},"content":{"rendered":"<p>[vc_row full_width=&#8221;stretch_row&#8221; el_class=&#8221;img_banner&#8221; css=&#8221;.vc_custom_1628765136757{background-image: url(https:\/\/bonocomerciomanises.com\/wp-content\/uploads\/2021\/08\/banner2.jpg?id=82) !important;background-position: center !important;background-repeat: no-repeat !important;background-size: cover !important;}&#8221;][vc_column][\/vc_column][\/vc_row][vc_row full_width=&#8221;stretch_row&#8221; el_class=&#8221;home_banner&#8221;][vc_column width=&#8221;1\/2&#8243; css=&#8221;.vc_custom_1628764609239{padding-top: 0px !important;}&#8221;][vc_row_inner el_class=&#8221;fila_botones&#8221; css=&#8221;.vc_custom_1628764563894{padding-top: 0px !important;}&#8221;][vc_column_inner css=&#8221;.vc_custom_1628764580972{padding-top: 0px !important;}&#8221;][vc_column_text el_class=&#8221;boton_fondo_blanco&#8221;]<\/p>\n<h3>Establecimientos adheridos<\/h3>\n<p>[\/vc_column_text][\/vc_column_inner][\/vc_row_inner][\/vc_column][vc_column width=&#8221;1\/2&#8243;][\/vc_column][\/vc_row][vc_row el_class=&#8221;listado_establecimientos&#8221;][vc_column][vc_row el_class=&#8221;listado_establecimientos&#8221;][vc_column][vc_row_inner el_class=&#8221;top_establecimientos&#8221;][vc_column_inner width=&#8221;1\/2&#8243;]<h2>Prendas de vestir y complementos<\/h2>[\/vc_column_inner][vc_column_inner width=&#8221;1\/2&#8243; el_class=&#8221;buscador&#8221;]<input type=\"search\" placeholder=\"Buscar establecimientos\"><input type=\"submit\" value=\"Buscar\">[\/vc_column_inner][\/vc_row_inner][vc_row_inner el_class=&#8221;row_establecimientos&#8221;][vc_column_inner width=&#8221;1\/4&#8243;]<div class=\"item_establecimiento\"><div class=\"imagen\"><img decoding=\"async\" src=\"\/wp-content\/uploads\/2021\/08\/logo.jpg\"><\/div><div class=\"nombre\">Nombre establecimiento<\/div><div class=\"categoria\">Prendas de vestir y complementos<\/div><div class=\"vc_row enlaces\"><div class=\"vc_col-sm-6 mapa\"><a href=\"#\"><img decoding=\"async\" src=\"\/wp-content\/uploads\/2021\/08\/mapa.svg\"><\/a><\/div><div class=\"vc_col-sm-6 www\"><a href=\"#\"><img decoding=\"async\" src=\"\/wp-content\/uploads\/2021\/08\/enlace.svg\"><\/a><\/div><\/div><\/div>[\/vc_column_inner][vc_column_inner width=&#8221;1\/4&#8243;]<div class=\"item_establecimiento\"><div class=\"imagen\"><img decoding=\"async\" src=\"\/wp-content\/uploads\/2021\/08\/logo.jpg\"><\/div><div class=\"nombre\">Nombre establecimiento<\/div><div class=\"categoria\">Prendas de vestir y complementos<\/div><div class=\"vc_row enlaces\"><div class=\"vc_col-sm-6 mapa\"><a href=\"#\"><img decoding=\"async\" src=\"\/wp-content\/uploads\/2021\/08\/mapa.svg\"><\/a><\/div><div class=\"vc_col-sm-6 www\"><a href=\"#\"><img decoding=\"async\" src=\"\/wp-content\/uploads\/2021\/08\/enlace.svg\"><\/a><\/div><\/div><\/div>[\/vc_column_inner][vc_column_inner width=&#8221;1\/4&#8243;]<div class=\"item_establecimiento\"><div class=\"imagen\"><img decoding=\"async\" src=\"\/wp-content\/uploads\/2021\/08\/logo.jpg\"><\/div><div class=\"nombre\">Nombre establecimiento<\/div><div class=\"categoria\">Prendas de vestir y complementos<\/div><div class=\"vc_row enlaces\"><div class=\"vc_col-sm-6 mapa\"><a href=\"#\"><img decoding=\"async\" src=\"\/wp-content\/uploads\/2021\/08\/mapa.svg\"><\/a><\/div><div class=\"vc_col-sm-6 www\"><a href=\"#\"><img decoding=\"async\" src=\"\/wp-content\/uploads\/2021\/08\/enlace.svg\"><\/a><\/div><\/div><\/div>[\/vc_column_inner][vc_column_inner width=&#8221;1\/4&#8243;]<div class=\"item_establecimiento\"><div class=\"imagen\"><img decoding=\"async\" src=\"\/wp-content\/uploads\/2021\/08\/logo.jpg\"><\/div><div class=\"nombre\">Nombre establecimiento<\/div><div class=\"categoria\">Prendas de vestir y complementos<\/div><div class=\"vc_row enlaces\"><div class=\"vc_col-sm-6 mapa\"><a href=\"#\"><img decoding=\"async\" src=\"\/wp-content\/uploads\/2021\/08\/mapa.svg\"><\/a><\/div><div class=\"vc_col-sm-6 www\"><a href=\"#\"><img decoding=\"async\" src=\"\/wp-content\/uploads\/2021\/08\/enlace.svg\"><\/a><\/div><\/div><\/div>[\/vc_column_inner][\/vc_row_inner][vc_row_inner el_class=&#8221;row_establecimientos&#8221;][vc_column_inner width=&#8221;1\/4&#8243;]<div class=\"item_establecimiento\"><div class=\"imagen\"><img decoding=\"async\" src=\"\/wp-content\/uploads\/2021\/08\/logo.jpg\"><\/div><div class=\"nombre\">Nombre establecimiento<\/div><div class=\"categoria\">Prendas de vestir y complementos<\/div><div class=\"vc_row enlaces\"><div class=\"vc_col-sm-6 mapa\"><a href=\"#\"><img decoding=\"async\" src=\"\/wp-content\/uploads\/2021\/08\/mapa.svg\"><\/a><\/div><div class=\"vc_col-sm-6 www\"><a href=\"#\"><img decoding=\"async\" src=\"\/wp-content\/uploads\/2021\/08\/enlace.svg\"><\/a><\/div><\/div><\/div>[\/vc_column_inner][vc_column_inner width=&#8221;1\/4&#8243;]<div class=\"item_establecimiento\"><div class=\"imagen\"><img decoding=\"async\" src=\"\/wp-content\/uploads\/2021\/08\/logo.jpg\"><\/div><div class=\"nombre\">Nombre establecimiento<\/div><div class=\"categoria\">Prendas de vestir y complementos<\/div><div class=\"vc_row enlaces\"><div class=\"vc_col-sm-6 mapa\"><a href=\"#\"><img decoding=\"async\" src=\"\/wp-content\/uploads\/2021\/08\/mapa.svg\"><\/a><\/div><div class=\"vc_col-sm-6 www\"><a href=\"#\"><img decoding=\"async\" src=\"\/wp-content\/uploads\/2021\/08\/enlace.svg\"><\/a><\/div><\/div><\/div>[\/vc_column_inner][vc_column_inner width=&#8221;1\/4&#8243;]<div class=\"item_establecimiento\"><div class=\"imagen\"><img decoding=\"async\" src=\"\/wp-content\/uploads\/2021\/08\/logo.jpg\"><\/div><div class=\"nombre\">Nombre establecimiento<\/div><div class=\"categoria\">Prendas de vestir y complementos<\/div><div class=\"vc_row enlaces\"><div class=\"vc_col-sm-6 mapa\"><a href=\"#\"><img decoding=\"async\" src=\"\/wp-content\/uploads\/2021\/08\/mapa.svg\"><\/a><\/div><div class=\"vc_col-sm-6 www\"><a href=\"#\"><img decoding=\"async\" src=\"\/wp-content\/uploads\/2021\/08\/enlace.svg\"><\/a><\/div><\/div><\/div>[\/vc_column_inner][vc_column_inner width=&#8221;1\/4&#8243;]<div class=\"item_establecimiento\"><div class=\"imagen\"><img decoding=\"async\" src=\"\/wp-content\/uploads\/2021\/08\/logo.jpg\"><\/div><div class=\"nombre\">Nombre establecimiento<\/div><div class=\"categoria\">Prendas de vestir y complementos<\/div><div class=\"vc_row enlaces\"><div class=\"vc_col-sm-6 mapa\"><a href=\"#\"><img decoding=\"async\" src=\"\/wp-content\/uploads\/2021\/08\/mapa.svg\"><\/a><\/div><div class=\"vc_col-sm-6 www\"><a href=\"#\"><img decoding=\"async\" src=\"\/wp-content\/uploads\/2021\/08\/enlace.svg\"><\/a><\/div><\/div><\/div>[\/vc_column_inner][\/vc_row_inner][vc_row_inner el_class=&#8221;row_establecimientos&#8221;][vc_column_inner width=&#8221;1\/4&#8243;]<div class=\"item_establecimiento\"><div class=\"imagen\"><img decoding=\"async\" src=\"\/wp-content\/uploads\/2021\/08\/logo.jpg\"><\/div><div class=\"nombre\">Nombre establecimiento<\/div><div class=\"categoria\">Prendas de vestir y complementos<\/div><div class=\"vc_row enlaces\"><div class=\"vc_col-sm-6 mapa\"><a href=\"#\"><img decoding=\"async\" src=\"\/wp-content\/uploads\/2021\/08\/mapa.svg\"><\/a><\/div><div class=\"vc_col-sm-6 www\"><a href=\"#\"><img decoding=\"async\" src=\"\/wp-content\/uploads\/2021\/08\/enlace.svg\"><\/a><\/div><\/div><\/div>[\/vc_column_inner][vc_column_inner width=&#8221;1\/4&#8243;]<div class=\"item_establecimiento\"><div class=\"imagen\"><img decoding=\"async\" src=\"\/wp-content\/uploads\/2021\/08\/logo.jpg\"><\/div><div class=\"nombre\">Nombre establecimiento<\/div><div class=\"categoria\">Prendas de vestir y complementos<\/div><div class=\"vc_row enlaces\"><div class=\"vc_col-sm-6 mapa\"><a href=\"#\"><img decoding=\"async\" src=\"\/wp-content\/uploads\/2021\/08\/mapa.svg\"><\/a><\/div><div class=\"vc_col-sm-6 www\"><a href=\"#\"><img decoding=\"async\" src=\"\/wp-content\/uploads\/2021\/08\/enlace.svg\"><\/a><\/div><\/div><\/div>[\/vc_column_inner][vc_column_inner width=&#8221;1\/4&#8243;]<div class=\"item_establecimiento\"><div class=\"imagen\"><img decoding=\"async\" src=\"\/wp-content\/uploads\/2021\/08\/logo.jpg\"><\/div><div class=\"nombre\">Nombre establecimiento<\/div><div class=\"categoria\">Prendas de vestir y complementos<\/div><div class=\"vc_row enlaces\"><div class=\"vc_col-sm-6 mapa\"><a href=\"#\"><img decoding=\"async\" src=\"\/wp-content\/uploads\/2021\/08\/mapa.svg\"><\/a><\/div><div class=\"vc_col-sm-6 www\"><a href=\"#\"><img decoding=\"async\" src=\"\/wp-content\/uploads\/2021\/08\/enlace.svg\"><\/a><\/div><\/div><\/div>[\/vc_column_inner][vc_column_inner width=&#8221;1\/4&#8243;]<div class=\"item_establecimiento\"><div class=\"imagen\"><img decoding=\"async\" src=\"\/wp-content\/uploads\/2021\/08\/logo.jpg\"><\/div><div class=\"nombre\">Nombre establecimiento<\/div><div class=\"categoria\">Prendas de vestir y complementos<\/div><div class=\"vc_row enlaces\"><div class=\"vc_col-sm-6 mapa\"><a href=\"#\"><img decoding=\"async\" src=\"\/wp-content\/uploads\/2021\/08\/mapa.svg\"><\/a><\/div><div class=\"vc_col-sm-6 www\"><a href=\"#\"><img decoding=\"async\" src=\"\/wp-content\/uploads\/2021\/08\/enlace.svg\"><\/a><\/div><\/div><\/div>[\/vc_column_inner][\/vc_row_inner][vc_row_inner el_class=&#8221;mostrar_mas_establecimientos&#8221;][vc_column_inner width=&#8221;1\/1&#8243;]<a href=\"#\">Mostrar m\u00e1s<\/a>[\/vc_column_inner][\/vc_row_inner][\/vc_column][\/vc_row][\/vc_column][\/vc_row][vc_row full_width=&#8221;stretch_row_content_no_spaces&#8221;][vc_column][vc_gmaps link=&#8221;#E-8_JTNDaWZyYW1lJTIwc3JjJTNEJTIyaHR0cHMlM0ElMkYlMkZ3d3cuZ29vZ2xlLmNvbSUyRm1hcHMlMkZlbWJlZCUzRnBiJTNEJTIxMW0xOCUyMTFtMTIlMjExbTMlMjExZDk4NjQ2Ljk1OTk1MDIzNzM2JTIxMmQtMC40MzE1NTA5MzkzMDE0ODc4NiUyMTNkMzkuNDA3ODk2ODg4OTA5NzIlMjEybTMlMjExZjAlMjEyZjAlMjEzZjAlMjEzbTIlMjExaTEwMjQlMjEyaTc2OCUyMTRmMTMuMSUyMTNtMyUyMTFtMiUyMTFzMHhkNjA0ZjRjZjBlZmIwNmYlMjUzQTB4YjRhMzUxMDExZjdmMWQzOSUyMTJzVmFsZW5jaWElMjE1ZTAlMjEzbTIlMjExc2VzJTIxMnNlcyUyMTR2MTYyODc2NjQ2OTMxNiUyMTVtMiUyMTFzZXMlMjEyc2VzJTIyJTIwd2lkdGglM0QlMjI2MDAlMjIlMjBoZWlnaHQlM0QlMjIzNTAlMjIlMjBzdHlsZSUzRCUyMmJvcmRlciUzQTAlM0IlMjIlMjBhbGxvd2Z1bGxzY3JlZW4lM0QlMjIlMjIlMjBsb2FkaW5nJTNEJTIybGF6eSUyMiUzRSUzQyUyRmlmcmFtZSUzRQ==&#8221;][\/vc_column][\/vc_row]<\/p>\n","protected":false},"excerpt":{"rendered":"<p>[vc_row full_width=&#8221;stretch_row&#8221; el_class=&#8221;img_banner&#8221; css=&#8221;.vc_custom_1628765136757{background-image: url(https:\/\/bonocomerciomanises.com\/wp-content\/uploads\/2021\/08\/banner2.jpg?id=82) !important;background-position: center !important;background-repeat: no-repeat !important;background-size: cover !important;}&#8221;][vc_column][\/vc_column][\/vc_row][vc_row full_width=&#8221;stretch_row&#8221; el_class=&#8221;home_banner&#8221;][vc_column width=&#8221;1\/2&#8243; css=&#8221;.vc_custom_1628764609239{padding-top: 0px !important;}&#8221;][vc_row_inner el_class=&#8221;fila_botones&#8221; css=&#8221;.vc_custom_1628764563894{padding-top: 0px !important;}&#8221;][vc_column_inner css=&#8221;.vc_custom_1628764580972{padding-top: 0px !important;}&#8221;][vc_column_text el_class=&#8221;boton_fondo_blanco&#8221;] Establecimientos adheridos [\/vc_column_text][\/vc_column_inner][\/vc_row_inner][\/vc_column][vc_column width=&#8221;1\/2&#8243;][\/vc_column][\/vc_row][vc_row el_class=&#8221;listado_establecimientos&#8221;][vc_column][\/vc_column][\/vc_row][vc_row full_width=&#8221;stretch_row_content_no_spaces&#8221;][vc_column][vc_gmaps link=&#8221;#E-8_JTNDaWZyYW1lJTIwc3JjJTNEJTIyaHR0cHMlM0ElMkYlMkZ3d3cuZ29vZ2xlLmNvbSUyRm1hcHMlMkZlbWJlZCUzRnBiJTNEJTIxMW0xOCUyMTFtMTIlMjExbTMlMjExZDk4NjQ2Ljk1OTk1MDIzNzM2JTIxMmQtMC40MzE1NTA5MzkzMDE0ODc4NiUyMTNkMzkuNDA3ODk2ODg4OTA5NzIlMjEybTMlMjExZjAlMjEyZjAlMjEzZjAlMjEzbTIlMjExaTEwMjQlMjEyaTc2OCUyMTRmMTMuMSUyMTNtMyUyMTFtMiUyMTFzMHhkNjA0ZjRjZjBlZmIwNmYlMjUzQTB4YjRhMzUxMDExZjdmMWQzOSUyMTJzVmFsZW5jaWElMjE1ZTAlMjEzbTIlMjExc2VzJTIxMnNlcyUyMTR2MTYyODc2NjQ2OTMxNiUyMTVtMiUyMTFzZXMlMjEyc2VzJTIyJTIwd2lkdGglM0QlMjI2MDAlMjIlMjBoZWlnaHQlM0QlMjIzNTAlMjIlMjBzdHlsZSUzRCUyMmJvcmRlciUzQTAlM0IlMjIlMjBhbGxvd2Z1bGxzY3JlZW4lM0QlMjIlMjIlMjBsb2FkaW5nJTNEJTIybGF6eSUyMiUzRSUzQyUyRmlmcmFtZSUzRQ==&#8221;][\/vc_column][\/vc_row]<\/p>\n","protected":false},"author":4,"featured_media":0,"parent":0,"menu_order":0,"comment_status":"closed","ping_status":"closed","template":"","meta":{"footnotes":""},"class_list":["post-1519","page","type-page","status-publish","hentry"],"yoast_head":"<!-- This site is optimized with the Yoast SEO plugin v25.4 - https:\/\/yoast.com\/wordpress\/plugins\/seo\/ -->\n<title>establecimientos - Bo Comer\u00e7 ValenciaBo Comer\u00e7 Valencia<\/title>\n<meta name=\"robots\" content=\"index, follow, max-snippet:-1, max-image-preview:large, max-video-preview:-1\" \/>\n<link rel=\"canonical\" href=\"https:\/\/bonocomerciomanises.com\/va\/establecimientos\/\" \/>\n<meta property=\"og:locale\" content=\"en_US\" \/>\n<meta property=\"og:type\" content=\"article\" \/>\n<meta property=\"og:title\" content=\"establecimientos - Bo Comer\u00e7 ValenciaBo Comer\u00e7 Valencia\" \/>\n<meta property=\"og:description\" content=\"[vc_row full_width=&#8221;stretch_row&#8221; el_class=&#8221;img_banner&#8221; css=&#8221;.vc_custom_1628765136757{background-image: url(https:\/\/bonocomerciomanises.com\/wp-content\/uploads\/2021\/08\/banner2.jpg?id=82) !important;background-position: center !important;background-repeat: no-repeat !important;background-size: cover !important;}&#8221;][vc_column][\/vc_column][\/vc_row][vc_row full_width=&#8221;stretch_row&#8221; el_class=&#8221;home_banner&#8221;][vc_column width=&#8221;1\/2&#8243; css=&#8221;.vc_custom_1628764609239{padding-top: 0px !important;}&#8221;][vc_row_inner el_class=&#8221;fila_botones&#8221; css=&#8221;.vc_custom_1628764563894{padding-top: 0px !important;}&#8221;][vc_column_inner css=&#8221;.vc_custom_1628764580972{padding-top: 0px !important;}&#8221;][vc_column_text el_class=&#8221;boton_fondo_blanco&#8221;] Establecimientos adheridos [\/vc_column_text][\/vc_column_inner][\/vc_row_inner][\/vc_column][vc_column width=&#8221;1\/2&#8243;][\/vc_column][\/vc_row][vc_row el_class=&#8221;listado_establecimientos&#8221;][vc_column][\/vc_column][\/vc_row][vc_row full_width=&#8221;stretch_row_content_no_spaces&#8221;][vc_column][vc_gmaps link=&#8221;#E-8_JTNDaWZyYW1lJTIwc3JjJTNEJTIyaHR0cHMlM0ElMkYlMkZ3d3cuZ29vZ2xlLmNvbSUyRm1hcHMlMkZlbWJlZCUzRnBiJTNEJTIxMW0xOCUyMTFtMTIlMjExbTMlMjExZDk4NjQ2Ljk1OTk1MDIzNzM2JTIxMmQtMC40MzE1NTA5MzkzMDE0ODc4NiUyMTNkMzkuNDA3ODk2ODg4OTA5NzIlMjEybTMlMjExZjAlMjEyZjAlMjEzZjAlMjEzbTIlMjExaTEwMjQlMjEyaTc2OCUyMTRmMTMuMSUyMTNtMyUyMTFtMiUyMTFzMHhkNjA0ZjRjZjBlZmIwNmYlMjUzQTB4YjRhMzUxMDExZjdmMWQzOSUyMTJzVmFsZW5jaWElMjE1ZTAlMjEzbTIlMjExc2VzJTIxMnNlcyUyMTR2MTYyODc2NjQ2OTMxNiUyMTVtMiUyMTFzZXMlMjEyc2VzJTIyJTIwd2lkdGglM0QlMjI2MDAlMjIlMjBoZWlnaHQlM0QlMjIzNTAlMjIlMjBzdHlsZSUzRCUyMmJvcmRlciUzQTAlM0IlMjIlMjBhbGxvd2Z1bGxzY3JlZW4lM0QlMjIlMjIlMjBsb2FkaW5nJTNEJTIybGF6eSUyMiUzRSUzQyUyRmlmcmFtZSUzRQ==&#8221;][\/vc_column][\/vc_row]\" \/>\n<meta property=\"og:url\" content=\"https:\/\/bonocomerciomanises.com\/va\/establecimientos\/\" \/>\n<meta property=\"og:site_name\" content=\"Bo Comer\u00e7 ValenciaBo Comer\u00e7 Valencia\" \/>\n<meta property=\"article:modified_time\" content=\"2025-07-18T13:34:59+00:00\" \/>\n<meta name=\"twitter:card\" content=\"summary_large_image\" \/>\n<meta name=\"twitter:label1\" content=\"Est. reading time\" \/>\n\t<meta name=\"twitter:data1\" content=\"1 minute\" \/>\n<script type=\"application\/ld+json\" class=\"yoast-schema-graph\">{\"@context\":\"https:\/\/schema.org\",\"@graph\":[{\"@type\":\"WebPage\",\"@id\":\"https:\/\/bonocomerciomanises.com\/va\/establecimientos\/\",\"url\":\"https:\/\/bonocomerciomanises.com\/va\/establecimientos\/\",\"name\":\"establecimientos - Bo Comer\u00e7 ValenciaBo Comer\u00e7 Valencia\",\"isPartOf\":{\"@id\":\"https:\/\/bonocomerciomanises.com\/#website\"},\"datePublished\":\"2021-08-12T10:45:18+00:00\",\"dateModified\":\"2025-07-18T13:34:59+00:00\",\"breadcrumb\":{\"@id\":\"https:\/\/bonocomerciomanises.com\/va\/establecimientos\/#breadcrumb\"},\"inLanguage\":\"va\",\"potentialAction\":[{\"@type\":\"ReadAction\",\"target\":[\"https:\/\/bonocomerciomanises.com\/va\/establecimientos\/\"]}]},{\"@type\":\"BreadcrumbList\",\"@id\":\"https:\/\/bonocomerciomanises.com\/va\/establecimientos\/#breadcrumb\",\"itemListElement\":[{\"@type\":\"ListItem\",\"position\":1,\"name\":\"Portada\",\"item\":\"https:\/\/bonocomerciomanises.com\/\"},{\"@type\":\"ListItem\",\"position\":2,\"name\":\"establecimientos\"}]},{\"@type\":\"WebSite\",\"@id\":\"https:\/\/bonocomerciomanises.com\/#website\",\"url\":\"https:\/\/bonocomerciomanises.com\/\",\"name\":\"Bo Comer\u00e7 ValenciaBo Comer\u00e7 Valencia\",\"description\":\"Bo Comer\u00e7 Valencia\",\"potentialAction\":[{\"@type\":\"SearchAction\",\"target\":{\"@type\":\"EntryPoint\",\"urlTemplate\":\"https:\/\/bonocomerciomanises.com\/?s={search_term_string}\"},\"query-input\":{\"@type\":\"PropertyValueSpecification\",\"valueRequired\":true,\"valueName\":\"search_term_string\"}}],\"inLanguage\":\"va\"}]}<\/script>\n<!-- \/ Yoast SEO plugin. -->","yoast_head_json":{"title":"establecimientos - Bo Comer\u00e7 ValenciaBo Comer\u00e7 Valencia","robots":{"index":"index","follow":"follow","max-snippet":"max-snippet:-1","max-image-preview":"max-image-preview:large","max-video-preview":"max-video-preview:-1"},"canonical":"https:\/\/bonocomerciomanises.com\/va\/establecimientos\/","og_locale":"en_US","og_type":"article","og_title":"establecimientos - Bo Comer\u00e7 ValenciaBo Comer\u00e7 Valencia","og_description":"[vc_row full_width=&#8221;stretch_row&#8221; el_class=&#8221;img_banner&#8221; css=&#8221;.vc_custom_1628765136757{background-image: url(https:\/\/bonocomerciomanises.com\/wp-content\/uploads\/2021\/08\/banner2.jpg?id=82) !important;background-position: center !important;background-repeat: no-repeat !important;background-size: cover !important;}&#8221;][vc_column][\/vc_column][\/vc_row][vc_row full_width=&#8221;stretch_row&#8221; el_class=&#8221;home_banner&#8221;][vc_column width=&#8221;1\/2&#8243; css=&#8221;.vc_custom_1628764609239{padding-top: 0px !important;}&#8221;][vc_row_inner el_class=&#8221;fila_botones&#8221; css=&#8221;.vc_custom_1628764563894{padding-top: 0px !important;}&#8221;][vc_column_inner css=&#8221;.vc_custom_1628764580972{padding-top: 0px !important;}&#8221;][vc_column_text el_class=&#8221;boton_fondo_blanco&#8221;] Establecimientos adheridos [\/vc_column_text][\/vc_column_inner][\/vc_row_inner][\/vc_column][vc_column width=&#8221;1\/2&#8243;][\/vc_column][\/vc_row][vc_row el_class=&#8221;listado_establecimientos&#8221;][vc_column][\/vc_column][\/vc_row][vc_row full_width=&#8221;stretch_row_content_no_spaces&#8221;][vc_column][vc_gmaps link=&#8221;#E-8_JTNDaWZyYW1lJTIwc3JjJTNEJTIyaHR0cHMlM0ElMkYlMkZ3d3cuZ29vZ2xlLmNvbSUyRm1hcHMlMkZlbWJlZCUzRnBiJTNEJTIxMW0xOCUyMTFtMTIlMjExbTMlMjExZDk4NjQ2Ljk1OTk1MDIzNzM2JTIxMmQtMC40MzE1NTA5MzkzMDE0ODc4NiUyMTNkMzkuNDA3ODk2ODg4OTA5NzIlMjEybTMlMjExZjAlMjEyZjAlMjEzZjAlMjEzbTIlMjExaTEwMjQlMjEyaTc2OCUyMTRmMTMuMSUyMTNtMyUyMTFtMiUyMTFzMHhkNjA0ZjRjZjBlZmIwNmYlMjUzQTB4YjRhMzUxMDExZjdmMWQzOSUyMTJzVmFsZW5jaWElMjE1ZTAlMjEzbTIlMjExc2VzJTIxMnNlcyUyMTR2MTYyODc2NjQ2OTMxNiUyMTVtMiUyMTFzZXMlMjEyc2VzJTIyJTIwd2lkdGglM0QlMjI2MDAlMjIlMjBoZWlnaHQlM0QlMjIzNTAlMjIlMjBzdHlsZSUzRCUyMmJvcmRlciUzQTAlM0IlMjIlMjBhbGxvd2Z1bGxzY3JlZW4lM0QlMjIlMjIlMjBsb2FkaW5nJTNEJTIybGF6eSUyMiUzRSUzQyUyRmlmcmFtZSUzRQ==&#8221;][\/vc_column][\/vc_row]","og_url":"https:\/\/bonocomerciomanises.com\/va\/establecimientos\/","og_site_name":"Bo Comer\u00e7 ValenciaBo Comer\u00e7 Valencia","article_modified_time":"2025-07-18T13:34:59+00:00","twitter_card":"summary_large_image","twitter_misc":{"Est. reading time":"1 minute"},"schema":{"@context":"https:\/\/schema.org","@graph":[{"@type":"WebPage","@id":"https:\/\/bonocomerciomanises.com\/va\/establecimientos\/","url":"https:\/\/bonocomerciomanises.com\/va\/establecimientos\/","name":"establecimientos - Bo Comer\u00e7 ValenciaBo Comer\u00e7 Valencia","isPartOf":{"@id":"https:\/\/bonocomerciomanises.com\/#website"},"datePublished":"2021-08-12T10:45:18+00:00","dateModified":"2025-07-18T13:34:59+00:00","breadcrumb":{"@id":"https:\/\/bonocomerciomanises.com\/va\/establecimientos\/#breadcrumb"},"inLanguage":"va","potentialAction":[{"@type":"ReadAction","target":["https:\/\/bonocomerciomanises.com\/va\/establecimientos\/"]}]},{"@type":"BreadcrumbList","@id":"https:\/\/bonocomerciomanises.com\/va\/establecimientos\/#breadcrumb","itemListElement":[{"@type":"ListItem","position":1,"name":"Portada","item":"https:\/\/bonocomerciomanises.com\/"},{"@type":"ListItem","position":2,"name":"establecimientos"}]},{"@type":"WebSite","@id":"https:\/\/bonocomerciomanises.com\/#website","url":"https:\/\/bonocomerciomanises.com\/","name":"Bo Comer\u00e7 ValenciaBo Comer\u00e7 Valencia","description":"Bo Comer\u00e7 Valencia","potentialAction":[{"@type":"SearchAction","target":{"@type":"EntryPoint","urlTemplate":"https:\/\/bonocomerciomanises.com\/?s={search_term_string}"},"query-input":{"@type":"PropertyValueSpecification","valueRequired":true,"valueName":"search_term_string"}}],"inLanguage":"va"}]}},"_links":{"self":[{"href":"https:\/\/bonocomerciomanises.com\/va\/wp-json\/wp\/v2\/pages\/1519","targetHints":{"allow":["GET"]}}],"collection":[{"href":"https:\/\/bonocomerciomanises.com\/va\/wp-json\/wp\/v2\/pages"}],"about":[{"href":"https:\/\/bonocomerciomanises.com\/va\/wp-json\/wp\/v2\/types\/page"}],"author":[{"embeddable":true,"href":"https:\/\/bonocomerciomanises.com\/va\/wp-json\/wp\/v2\/users\/4"}],"replies":[{"embeddable":true,"href":"https:\/\/bonocomerciomanises.com\/va\/wp-json\/wp\/v2\/comments?post=1519"}],"version-history":[{"count":1,"href":"https:\/\/bonocomerciomanises.com\/va\/wp-json\/wp\/v2\/pages\/1519\/revisions"}],"predecessor-version":[{"id":1536,"href":"https:\/\/bonocomerciomanises.com\/va\/wp-json\/wp\/v2\/pages\/1519\/revisions\/1536"}],"wp:attachment":[{"href":"https:\/\/bonocomerciomanises.com\/va\/wp-json\/wp\/v2\/media?parent=1519"}],"curies":[{"name":"wp","href":"https:\/\/api.w.org\/{rel}","templated":true}]}}