{"id":1513,"date":"2023-09-17T09:47:47","date_gmt":"2023-09-17T07:47:47","guid":{"rendered":"https:\/\/bonocomerciomanises.com\/compra-tu-bono-test\/"},"modified":"2025-07-18T15:34:59","modified_gmt":"2025-07-18T13:34:59","slug":"compra-tu-bono-test","status":"publish","type":"page","link":"https:\/\/bonocomerciomanises.com\/va\/compra-tu-bono-test\/","title":{"rendered":"compra tu bono test"},"content":{"rendered":"","protected":false},"excerpt":{"rendered":"","protected":false},"author":4,"featured_media":0,"parent":0,"menu_order":0,"comment_status":"closed","ping_status":"closed","template":"","meta":{"footnotes":""},"class_list":["post-1513","page","type-page","status-publish","hentry"],"yoast_head":"<!-- This site is optimized with the Yoast SEO plugin v25.4 - https:\/\/yoast.com\/wordpress\/plugins\/seo\/ -->\n<title>compra tu bono test - Bo Comer\u00e7 ValenciaBo Comer\u00e7 Valencia<\/title>\n<meta name=\"robots\" content=\"index, follow, max-snippet:-1, max-image-preview:large, max-video-preview:-1\" \/>\n<link rel=\"canonical\" href=\"https:\/\/bonocomerciomanises.com\/va\/compra-tu-bono-test\/\" \/>\n<meta property=\"og:locale\" content=\"en_US\" \/>\n<meta property=\"og:type\" content=\"article\" \/>\n<meta property=\"og:title\" content=\"compra tu bono test - Bo Comer\u00e7 ValenciaBo Comer\u00e7 Valencia\" \/>\n<meta property=\"og:url\" content=\"https:\/\/bonocomerciomanises.com\/va\/compra-tu-bono-test\/\" \/>\n<meta property=\"og:site_name\" content=\"Bo Comer\u00e7 ValenciaBo Comer\u00e7 Valencia\" \/>\n<meta property=\"article:modified_time\" content=\"2025-07-18T13:34:59+00:00\" \/>\n<meta name=\"twitter:card\" content=\"summary_large_image\" \/>\n<script type=\"application\/ld+json\" class=\"yoast-schema-graph\">{\"@context\":\"https:\/\/schema.org\",\"@graph\":[{\"@type\":\"WebPage\",\"@id\":\"https:\/\/bonocomerciomanises.com\/va\/compra-tu-bono-test\/\",\"url\":\"https:\/\/bonocomerciomanises.com\/va\/compra-tu-bono-test\/\",\"name\":\"compra tu bono test - Bo Comer\u00e7 ValenciaBo Comer\u00e7 Valencia\",\"isPartOf\":{\"@id\":\"https:\/\/bonocomerciomanises.com\/#website\"},\"datePublished\":\"2023-09-17T07:47:47+00:00\",\"dateModified\":\"2025-07-18T13:34:59+00:00\",\"breadcrumb\":{\"@id\":\"https:\/\/bonocomerciomanises.com\/va\/compra-tu-bono-test\/#breadcrumb\"},\"inLanguage\":\"va\",\"potentialAction\":[{\"@type\":\"ReadAction\",\"target\":[\"https:\/\/bonocomerciomanises.com\/va\/compra-tu-bono-test\/\"]}]},{\"@type\":\"BreadcrumbList\",\"@id\":\"https:\/\/bonocomerciomanises.com\/va\/compra-tu-bono-test\/#breadcrumb\",\"itemListElement\":[{\"@type\":\"ListItem\",\"position\":1,\"name\":\"Portada\",\"item\":\"https:\/\/bonocomerciomanises.com\/\"},{\"@type\":\"ListItem\",\"position\":2,\"name\":\"compra tu bono test\"}]},{\"@type\":\"WebSite\",\"@id\":\"https:\/\/bonocomerciomanises.com\/#website\",\"url\":\"https:\/\/bonocomerciomanises.com\/\",\"name\":\"Bo Comer\u00e7 ValenciaBo Comer\u00e7 Valencia\",\"description\":\"Bo Comer\u00e7 Valencia\",\"potentialAction\":[{\"@type\":\"SearchAction\",\"target\":{\"@type\":\"EntryPoint\",\"urlTemplate\":\"https:\/\/bonocomerciomanises.com\/?s={search_term_string}\"},\"query-input\":{\"@type\":\"PropertyValueSpecification\",\"valueRequired\":true,\"valueName\":\"search_term_string\"}}],\"inLanguage\":\"va\"}]}<\/script>\n<!-- \/ Yoast SEO plugin. -->","yoast_head_json":{"title":"compra tu bono test - Bo Comer\u00e7 ValenciaBo Comer\u00e7 Valencia","robots":{"index":"index","follow":"follow","max-snippet":"max-snippet:-1","max-image-preview":"max-image-preview:large","max-video-preview":"max-video-preview:-1"},"canonical":"https:\/\/bonocomerciomanises.com\/va\/compra-tu-bono-test\/","og_locale":"en_US","og_type":"article","og_title":"compra tu bono test - Bo Comer\u00e7 ValenciaBo Comer\u00e7 Valencia","og_url":"https:\/\/bonocomerciomanises.com\/va\/compra-tu-bono-test\/","og_site_name":"Bo Comer\u00e7 ValenciaBo Comer\u00e7 Valencia","article_modified_time":"2025-07-18T13:34:59+00:00","twitter_card":"summary_large_image","schema":{"@context":"https:\/\/schema.org","@graph":[{"@type":"WebPage","@id":"https:\/\/bonocomerciomanises.com\/va\/compra-tu-bono-test\/","url":"https:\/\/bonocomerciomanises.com\/va\/compra-tu-bono-test\/","name":"compra tu bono test - Bo Comer\u00e7 ValenciaBo Comer\u00e7 Valencia","isPartOf":{"@id":"https:\/\/bonocomerciomanises.com\/#website"},"datePublished":"2023-09-17T07:47:47+00:00","dateModified":"2025-07-18T13:34:59+00:00","breadcrumb":{"@id":"https:\/\/bonocomerciomanises.com\/va\/compra-tu-bono-test\/#breadcrumb"},"inLanguage":"va","potentialAction":[{"@type":"ReadAction","target":["https:\/\/bonocomerciomanises.com\/va\/compra-tu-bono-test\/"]}]},{"@type":"BreadcrumbList","@id":"https:\/\/bonocomerciomanises.com\/va\/compra-tu-bono-test\/#breadcrumb","itemListElement":[{"@type":"ListItem","position":1,"name":"Portada","item":"https:\/\/bonocomerciomanises.com\/"},{"@type":"ListItem","position":2,"name":"compra tu bono test"}]},{"@type":"WebSite","@id":"https:\/\/bonocomerciomanises.com\/#website","url":"https:\/\/bonocomerciomanises.com\/","name":"Bo Comer\u00e7 ValenciaBo Comer\u00e7 Valencia","description":"Bo Comer\u00e7 Valencia","potentialAction":[{"@type":"SearchAction","target":{"@type":"EntryPoint","urlTemplate":"https:\/\/bonocomerciomanises.com\/?s={search_term_string}"},"query-input":{"@type":"PropertyValueSpecification","valueRequired":true,"valueName":"search_term_string"}}],"inLanguage":"va"}]}},"_links":{"self":[{"href":"https:\/\/bonocomerciomanises.com\/va\/wp-json\/wp\/v2\/pages\/1513","targetHints":{"allow":["GET"]}}],"collection":[{"href":"https:\/\/bonocomerciomanises.com\/va\/wp-json\/wp\/v2\/pages"}],"about":[{"href":"https:\/\/bonocomerciomanises.com\/va\/wp-json\/wp\/v2\/types\/page"}],"author":[{"embeddable":true,"href":"https:\/\/bonocomerciomanises.com\/va\/wp-json\/wp\/v2\/users\/4"}],"replies":[{"embeddable":true,"href":"https:\/\/bonocomerciomanises.com\/va\/wp-json\/wp\/v2\/comments?post=1513"}],"version-history":[{"count":1,"href":"https:\/\/bonocomerciomanises.com\/va\/wp-json\/wp\/v2\/pages\/1513\/revisions"}],"predecessor-version":[{"id":1535,"href":"https:\/\/bonocomerciomanises.com\/va\/wp-json\/wp\/v2\/pages\/1513\/revisions\/1535"}],"wp:attachment":[{"href":"https:\/\/bonocomerciomanises.com\/va\/wp-json\/wp\/v2\/media?parent=1513"}],"curies":[{"name":"wp","href":"https:\/\/api.w.org\/{rel}","templated":true}]}}